{"id":3710,"date":"2013-02-14T10:53:06","date_gmt":"2013-02-14T09:53:06","guid":{"rendered":"http:\/\/www.internetsoziologie.at\/de\/?page_id=3710"},"modified":"2025-10-17T00:20:20","modified_gmt":"2025-10-16T22:20:20","slug":"ntfev","status":"publish","type":"page","link":"https:\/\/www.internetsoziologie.at\/de\/wissenschaft-academia\/ntfev\/","title":{"rendered":"NTF"},"content":{"rendered":"<p><em>&#8220;Wir m\u00fcssen f\u00fcr die Freiheit planen und nicht f\u00fcr die Sicherheit, wenn auch vielleicht aus keinem anderen Grund als dem, da\u00df nur die Freiheit die Sicherheit sichern kann.&#8221;<\/em><\/p>\n<p>Karl Popper<\/p>\n<p><em>&#8220;Wir d\u00fcrfen von unserer Demokratie keine Wunder erwarten oder gar verlangen. Sie bleibt mit ihren Schw\u00e4chen und Unvollkommenheiten behaftet, und es wird auch immer Streit geben. Gleichwohl haben wir Deutschen angesichts unserer katastrophenreichen j\u00fcngeren Geschichte allen Grund, mit Z\u00e4higkeit an unserer Demokratie und an unserem sozialen Rechtsstaat festzuhalten, sie immer wieder zu erneuern, ihren Feinden aber immer wieder tapfer entgegenzutreten.&#8221;<\/em><\/p>\n<p>Helmut Schmidt<\/p>\n<p><em>&#8220;Wo immer die Menschen in den Besitz von ein wenig Freiheit kommen, treten zu allen Zeiten und so sicher wie das Amen in der Kirche selbsternannte Aufpasser und Aufseher, Mahner und Warner auf den Plan, die ihnen den richtigen Gebrauch erkl\u00e4ren und sie daran hindern wollen, sie zu \u201amissbrauchen\u2018.&#8221;<\/em><\/p>\n<p><a href=\"https:\/\/www.welt.de\/debatte\/article68efbb741163706683d9434f\/richard-herzinger-ist-tot-ein-mann-der-scharfen-gedanken-und-der-noch-schaerferen-sprache.html\">Richard Herzinger<\/a><\/p>\n<p><ol class=\"toc-generator\"><li class=\"heading-1 selected\"><a href=\"#toc-ber-das-netzwerk-terrorismusforschung-e-v\" title=\"Jump to \u00dcber das Netzwerk Terrorismusforschung e.V.\">\u00dcber das Netzwerk Terrorismusforschung e.V.<\/a><\/li><li class=\"heading-1\"><a href=\"#toc-meine-arbeitsschwerpunkte-im-ntf\" title=\"Jump to Meine Arbeitsschwerpunkte im NTF\">Meine Arbeitsschwerpunkte im NTF<\/a><\/li><li class=\"heading-1\"><a href=\"#toc-mitgliedsantrag\" title=\"Jump to Mitgliedsantrag\">Mitgliedsantrag<\/a><\/li><\/ol><\/p>\n<p>Diese Infoseite ist nicht immer auf dem neuesten Stand, sondern dient nur der ersten Orientierung. Besuchen Sie f\u00fcr tagesaktuelle Hinweise bitte die Website des Netzwerks Terrorismusforschung e.V. unter <a href=\"http:\/\/www.netzwerk-terrorismusforschung.org\">www.netzwerk-terrorismusforschung.org<\/a>. Dort finden Sie auch Links zu verschiedenen Informationsangeboten des NTF auf X (Twitter), Facebook und Co.<\/p>\n<h1 id=\"toc-ber-das-netzwerk-terrorismusforschung-e-v\">\u00dcber das Netzwerk Terrorismusforschung e.V.<\/h1>\n<p>Das <a href=\"http:\/\/www.netzwerk-terrorismusforschung.de\">Netzwerk Terrorismusforschung<\/a> ist ein eingetragener Verein in T\u00fcbingen und Berlin, der knapp 500 Wissenschaftlerinnen und Wissenschaftler sowie an den Themen Terrorismus, Extremismus und politische Gewalt Interessierte verbindet. Das Netzwerk widmet sich s\u00e4mtlichen terroristischen Str\u00f6mungen und politischen Extremismen und ist nicht auf ein Themenfeld &#8211; &#8220;links&#8221;, &#8220;rechts&#8221; oder &#8220;religi\u00f6s motiviert&#8221; &#8211; beschr\u00e4nkt. Wesentlicher Bestandteil des Netzwerks sind die Workshops, welche grunds\u00e4tzlich halbj\u00e4hrlich stattfinden. Mitglieder genie\u00dfen &#8211; \u00fcber die reine Vernetzung hinaus, die via Mailingliste grunds\u00e4tzlich jedermann offensteht &#8211; besondere Vorteile, auch bei unseren Partnern. Informieren Sie sich \u00fcber <a href=\"https:\/\/ntfev.org\/mitglied-werden\/\">die Mitgliedschaften auf der Website des NTF<\/a>.<\/p>\n<h1 id=\"toc-meine-arbeitsschwerpunkte-im-ntf\">Meine Arbeitsschwerpunkte im NTF<\/h1>\n<p>Meine pers\u00f6nlichen Arbeitsschwerpunkte als Koordinator Spitzenforschung liegen vorrangig in der Weiterentwicklung der Terrorismusforschung im digitalen Zeitalter, weshalb ich mich pers\u00f6nlich ganz besonders um die Verwebungen von Terrorismus und Digitalisierung k\u00fcmmere. Ein weiteres Thema ist Linksextremismus, auch hier vorrangig im digitalen Bereich. Zudem betreue ich unsere assoziierte Mitgliedschaft im <a href=\"https:\/\/www.motra.info\">Spitzenforschungscluster Islamistischer Extremismus &#8211; Verbundprojekt MOTRA<\/a>.<\/p>\n<p>Von 2013 bis 2021 agierte ich zudem als Gr\u00fcndungsvorsitzender des NTF.<\/p>\n<h1 id=\"toc-mitgliedsantrag\">Mitgliedsantrag<\/h1>\n<p>Der Mitgliedsantrag des NTF kann ab sofort <a href=\"https:\/\/ntfev.org\/mitglied-werden\/\">hier<\/a> heruntergeladen werden.<\/p>\n<p><em>Aktueller Stand dieser Seite: 08\/2024<\/em><\/p>\n","protected":false},"excerpt":{"rendered":"<p>&#8220;Wir m\u00fcssen f\u00fcr die Freiheit planen und nicht f\u00fcr die Sicherheit, wenn auch vielleicht aus keinem anderen Grund als dem, da\u00df nur die Freiheit die Sicherheit sichern kann.&#8221; Karl Popper &hellip; <\/p>\n","protected":false},"author":1,"featured_media":0,"parent":8388,"menu_order":90,"comment_status":"closed","ping_status":"closed","template":"","meta":{"footnotes":""},"class_list":["post-3710","page","type-page","status-publish","hentry"],"_links":{"self":[{"href":"https:\/\/www.internetsoziologie.at\/de\/wp-json\/wp\/v2\/pages\/3710","targetHints":{"allow":["GET"]}}],"collection":[{"href":"https:\/\/www.internetsoziologie.at\/de\/wp-json\/wp\/v2\/pages"}],"about":[{"href":"https:\/\/www.internetsoziologie.at\/de\/wp-json\/wp\/v2\/types\/page"}],"author":[{"embeddable":true,"href":"https:\/\/www.internetsoziologie.at\/de\/wp-json\/wp\/v2\/users\/1"}],"replies":[{"embeddable":true,"href":"https:\/\/www.internetsoziologie.at\/de\/wp-json\/wp\/v2\/comments?post=3710"}],"version-history":[{"count":0,"href":"https:\/\/www.internetsoziologie.at\/de\/wp-json\/wp\/v2\/pages\/3710\/revisions"}],"up":[{"embeddable":true,"href":"https:\/\/www.internetsoziologie.at\/de\/wp-json\/wp\/v2\/pages\/8388"}],"wp:attachment":[{"href":"https:\/\/www.internetsoziologie.at\/de\/wp-json\/wp\/v2\/media?parent=3710"}],"curies":[{"name":"wp","href":"https:\/\/api.w.org\/{rel}","templated":true}]}}