{"id":340,"date":"2009-01-01T12:00:34","date_gmt":"2009-01-01T11:00:34","guid":{"rendered":"http:\/\/www.internetsoziologie.at\/de\/?page_id=340"},"modified":"2025-03-02T23:40:29","modified_gmt":"2025-03-02T22:40:29","slug":"consulting","status":"publish","type":"page","link":"https:\/\/www.internetsoziologie.at\/de\/beratung\/consulting\/","title":{"rendered":"Consulting"},"content":{"rendered":"<p><em>Vorab-Hinweis <\/em><\/p>\n<p>Hier, auf dieser Seite, sind Sie richtig, wenn Sie sich \u00fcber die <strong>klassischen Beratungs-, Vortrags- und Workshopleistungen zu Themen wie Digitalisierung, Innovation, Sicherheit und Strategie<\/strong> informieren wollen. <\/p>\n<p>Wenn Sie sich \u00fcber <strong>wissenschaftliche Gutachtert\u00e4tigkeiten (an Hochschulen\/Unis)<\/strong> informieren m\u00f6chten, dann klicken Sie bitte <a href=\"https:\/\/www.internetsoziologie.at\/de\/?page_id=4#toc-gutachter-sachverstndigenttigkeiten-expertengremien-peer-reviews\">hier<\/a>. <\/p>\n<p>Wenn Sie das <strong>Beratungs-Spezialthema Verteidigung und Schusswaffen<\/strong> interessiert (oder andere Themen, die damit zusammenh\u00e4ngen, wie Drohnen, Satelliten, Sensoren, etc.), dann schauen Sie sich gerne <a href=\"https:\/\/www.internetsoziologie.at\/de\/verteidigung\/\">hier<\/a> um.<\/p>\n<p><ol class=\"toc-generator\"><li class=\"heading-2 selected\"><a href=\"#toc-etwas-konkreter-digitalisierung-und-sicherheit\" title=\"Jump to Etwas konkreter: Digitalisierung und Sicherheit\">Etwas konkreter: Digitalisierung und Sicherheit<\/a><\/li><li class=\"heading-2\"><a href=\"#toc-etwas-allgemeiner-digitalisierung-und-gesellschaft\" title=\"Jump to Etwas allgemeiner: Digitalisierung und Gesellschaft\">Etwas allgemeiner: Digitalisierung und Gesellschaft<\/a><\/li><li class=\"heading-2\"><a href=\"#toc-analyse-strategie-gestaltung\" title=\"Jump to Analyse, Strategie, Gestaltung\">Analyse, Strategie, Gestaltung<\/a><\/li><li class=\"heading-2\"><a href=\"#toc-vortrge\" title=\"Jump to Vortr\u00e4ge\">Vortr\u00e4ge<\/a><\/li><\/ol><\/p>\n<p><em>Digitalisierung<\/em><\/p>\n<p>Prof. Dr. Stephan G. Humer ist &#8220;als &#8216;Digitalisierungserkl\u00e4rer&#8217; einer der wichtigsten K\u00f6pfe des Forschungsfeldes Internet und Gesellschaft im deutschsprachigen Raum&#8221; (<a href=\"http:\/\/www.samsung.com\/de\/business\/pdf\/2014-02-07_FINAL_Business_Life_Magazin-LowRes.pdf\">Samsung<\/a>). Er bietet mit seinem Beratungsunternehmen <i>Professor Humer Consulting\u00ae<\/i> als Soziologe und Informatiker <a href=\"http:\/\/de.wikipedia.org\/wiki\/Soziologische_Beratung\">Unterst\u00fctzung<\/a> bei der Bew\u00e4ltigung kommunikativer, digitaler und sozial-technischer Herausforderungen.<\/p>\n<p><em>Digitization<\/em><\/p>\n<p><em>Professor Stephan G. Humer is &#8220;as a &#8216;digitization explainer&#8217; one of the most important minds in the research field of Internet and society in the German-speaking world&#8221; (Samsung). As a sociologist and computer scientist, he and his consulting firm <em>Professor Humer Consulting\u00ae<\/em> offer support in mastering communicative, digital and socio-technical challenges.<br \/><\/em><\/p>\n<h2 id=\"toc-etwas-konkreter-digitalisierung-und-sicherheit\">Etwas konkreter: Digitalisierung und Sicherheit<\/h2>\n<p>&#8211; Privacy, Security, Sociality by Design<br \/>\n&#8211; DSGVO, ISO\/IEC 27001, IT-Grundschutz, ISMS<br \/>\n&#8211; Data Mining\/Business Intelligence, OSINT\/SOCMINT<br \/>\n&#8211; DevOps<br \/>\n&#8211; Social Engineering (Tests, Schulungen, Konzepte)<\/p>\n<p><a href=\"https:\/\/www.internetsoziologie.at\/de\/wp-content\/uploads\/2025\/03\/video_analysis.png\"><img loading=\"lazy\" decoding=\"async\" src=\"https:\/\/www.internetsoziologie.at\/de\/wp-content\/uploads\/2025\/03\/video_analysis-1024x728.png\" alt=\"\" width=\"735\" height=\"523\" class=\"alignnone size-large wp-image-13521\" srcset=\"https:\/\/www.internetsoziologie.at\/de\/wp-content\/uploads\/2025\/03\/video_analysis-1024x728.png 1024w, https:\/\/www.internetsoziologie.at\/de\/wp-content\/uploads\/2025\/03\/video_analysis-300x213.png 300w, https:\/\/www.internetsoziologie.at\/de\/wp-content\/uploads\/2025\/03\/video_analysis-768x546.png 768w, https:\/\/www.internetsoziologie.at\/de\/wp-content\/uploads\/2025\/03\/video_analysis.png 1099w\" sizes=\"auto, (max-width: 735px) 100vw, 735px\" \/><\/a><\/p>\n<h2 id=\"toc-etwas-allgemeiner-digitalisierung-und-gesellschaft\">Etwas allgemeiner: Digitalisierung und Gesellschaft<\/h2>\n<p>&#8211; <a href=\"https:\/\/www.degruyter.com\/view\/product\/495032\">Internetsoziologie<\/a><br \/>\n&#8211; Digitale Innovation<br \/>\n&#8211; Digitales Empowerment<br \/>\n&#8211; Digitales Sicherheitsmanagement<br \/>\n&#8211; Digitale Geschichte\/Retrocomputing\/Geschichte des Internets<\/p>\n<p><a href=\"https:\/\/www.internetsoziologie.at\/de\/wp-content\/uploads\/2025\/03\/shutterstock_2498115431-scaled.jpg\"><img loading=\"lazy\" decoding=\"async\" src=\"https:\/\/www.internetsoziologie.at\/de\/wp-content\/uploads\/2025\/03\/shutterstock_2498115431-1024x655.jpg\" alt=\"\" width=\"735\" height=\"470\" class=\"alignnone size-large wp-image-13516\" srcset=\"https:\/\/www.internetsoziologie.at\/de\/wp-content\/uploads\/2025\/03\/shutterstock_2498115431-1024x655.jpg 1024w, https:\/\/www.internetsoziologie.at\/de\/wp-content\/uploads\/2025\/03\/shutterstock_2498115431-300x192.jpg 300w, https:\/\/www.internetsoziologie.at\/de\/wp-content\/uploads\/2025\/03\/shutterstock_2498115431-768x491.jpg 768w, https:\/\/www.internetsoziologie.at\/de\/wp-content\/uploads\/2025\/03\/shutterstock_2498115431-1536x983.jpg 1536w, https:\/\/www.internetsoziologie.at\/de\/wp-content\/uploads\/2025\/03\/shutterstock_2498115431-2048x1310.jpg 2048w\" sizes=\"auto, (max-width: 735px) 100vw, 735px\" \/><\/a><\/p>\n<h2 id=\"toc-analyse-strategie-gestaltung\">Analyse, Strategie, Gestaltung<\/h2>\n<p>Interesse? Dann sind Sie in bester Gesellschaft: Die Bandbreite der Kunden reicht von kleinen und mittelst\u00e4ndischen Firmen klassischer Branchen \u00fcber Beh\u00f6rden, Vereine und Organisationen bis zu internationalen Top-Unternehmen aus der digitalen Welt. Aber auch Einzelpersonen k\u00f6nnen die Beratung erhalten, die sie brauchen. Professor Humer geh\u00f6rt im deutschen Sprachraum zu den <a href=\"https:\/\/www.internetsoziologie.at\/de\/?page_id=6276\">am st\u00e4rksten nachgefragten<\/a> Analytikern der Digitalisierung unserer Gesellschaft. <\/p>\n<p>Gerade im digitalen Bereich ist eine ganzheitliche Betrachtung notwendig, die rechtliche (z.B. &#8220;Privacy by Design&#8221;) und soziologische Aspekte (z.B. Internetsoziologie\/&#8221;Sociality by Design&#8221;) von Beginn an miteinbezieht, um ein entsprechendes Ergebnis zu erhalten. So entsteht beispielsweise &#8220;sozial-technisches Identit\u00e4tsmanagement&#8221; (<a href=\"http:\/\/www.tagesspiegel.de\/zeitung\/mobiler-zugang-zum-dokumentenschrank\/1969268.html\">Tagesspiegel<\/a>), welches den Menschen in den Mittelpunkt stellt und nicht eine rein maschinelle Probleml\u00f6sung (die dann ohnehin keine ist). Stephan Humer bietet hier die sozio-technische Komponente, welches f\u00fcr eine zielf\u00fchrende digitale Strategie unerl\u00e4sslich ist.<\/p>\n<h2 id=\"toc-vortrge\">Vortr\u00e4ge<\/h2>\n<p>Sie haben Interesse an einem Vortrag von Professor Humer? Rufen Sie an oder schreiben Sie eine Mail. Bitte beachten Sie: Es sind <strong>keine honorarfreien Vortr\u00e4ge jenseits von wissenschaftlichen Einladungen<\/strong> m\u00f6glich, auch nicht innerhalb Berlins. Bitte verzichten Sie deshalb auf entsprechende Anfragen als Firma, Verein oder Verband, wenn keine Honorarzahlung m\u00f6glich ist. (Ausgenommen sind, wie gesagt, wissenschaftliche Vortr\u00e4ge an staatlichen Universit\u00e4ten, nichtkommerziellen Forschungseinrichtungen u.\u00e4. Hier fallen ggf. Reisekosten an.) Vielen Dank f\u00fcr Ihr Verst\u00e4ndnis.<\/p>\n<p>Haben Sie Fragen? Nehmen Sie Kontakt auf:<\/p>\n<p>Telefon: +49 (0) 157 \/ 580 64165<br \/>\nE-Mail: consulting @ humer.de<\/p>\n<p><em>Bildcredits auf dieser Seite: Projekt RG (1), Shutterstock (2). Aktueller Stand dieser Seite: 03\/2025<\/em><\/p>\n","protected":false},"excerpt":{"rendered":"<p>Vorab-Hinweis Hier, auf dieser Seite, sind Sie richtig, wenn Sie sich \u00fcber die klassischen Beratungs-, Vortrags- und Workshopleistungen zu Themen wie Digitalisierung, Innovation, Sicherheit und Strategie informieren wollen. Wenn Sie &hellip; <\/p>\n","protected":false},"author":1,"featured_media":0,"parent":8384,"menu_order":70,"comment_status":"closed","ping_status":"closed","template":"","meta":{"footnotes":""},"class_list":["post-340","page","type-page","status-publish","hentry"],"_links":{"self":[{"href":"https:\/\/www.internetsoziologie.at\/de\/wp-json\/wp\/v2\/pages\/340","targetHints":{"allow":["GET"]}}],"collection":[{"href":"https:\/\/www.internetsoziologie.at\/de\/wp-json\/wp\/v2\/pages"}],"about":[{"href":"https:\/\/www.internetsoziologie.at\/de\/wp-json\/wp\/v2\/types\/page"}],"author":[{"embeddable":true,"href":"https:\/\/www.internetsoziologie.at\/de\/wp-json\/wp\/v2\/users\/1"}],"replies":[{"embeddable":true,"href":"https:\/\/www.internetsoziologie.at\/de\/wp-json\/wp\/v2\/comments?post=340"}],"version-history":[{"count":0,"href":"https:\/\/www.internetsoziologie.at\/de\/wp-json\/wp\/v2\/pages\/340\/revisions"}],"up":[{"embeddable":true,"href":"https:\/\/www.internetsoziologie.at\/de\/wp-json\/wp\/v2\/pages\/8384"}],"wp:attachment":[{"href":"https:\/\/www.internetsoziologie.at\/de\/wp-json\/wp\/v2\/media?parent=340"}],"curies":[{"name":"wp","href":"https:\/\/api.w.org\/{rel}","templated":true}]}}