{"id":2,"date":"2007-01-15T15:34:38","date_gmt":"2007-01-15T14:34:38","guid":{"rendered":"https:\/\/www.internetsoziologie.at\/de\/impressum\/"},"modified":"2025-10-27T16:27:28","modified_gmt":"2025-10-27T15:27:28","slug":"impressum","status":"publish","type":"page","link":"https:\/\/www.internetsoziologie.at\/de\/impressum\/","title":{"rendered":"Impressum"},"content":{"rendered":"<p>Humer.de ist eine Domain (1996) samt dazugeh\u00f6riger Website (1999) von Stephan G. Humer.<br \/>\nHumer.de is a project initiated by Stephan G. Humer in 1996 (domain) \/ 1999 (website).<\/p>\n<p><ol class=\"toc-generator\"><li class=\"heading-1 selected\"><a href=\"#toc-impressum\" title=\"Jump to Impressum\">Impressum<\/a><\/li><li class=\"heading-1\"><a href=\"#toc-korrespondenzanschrift\" title=\"Jump to Korrespondenzanschrift\">Korrespondenzanschrift<\/a><\/li><li class=\"heading-1\"><a href=\"#toc-e-mail-adresse-fr-alle-anliegen-auer-presseanfragen\" title=\"Jump to E-Mail-Adresse f\u00fcr alle Anliegen &#8211; au\u00dfer Presseanfragen &#8211;\">E-Mail-Adresse f\u00fcr alle Anliegen &#8211; au\u00dfer Presseanfragen &#8211;<\/a><\/li><li class=\"heading-1\"><a href=\"#toc-e-mail-adresse-fr-eilige-presseanfragen\" title=\"Jump to E-Mail-Adresse f\u00fcr eilige Presseanfragen\">E-Mail-Adresse f\u00fcr eilige Presseanfragen<\/a><\/li><li class=\"heading-1\"><a href=\"#toc-telefon\" title=\"Jump to Telefon\">Telefon<\/a><\/li><li class=\"heading-1\"><a href=\"#toc-weitere-hinweise\" title=\"Jump to Weitere Hinweise\">Weitere Hinweise<\/a><\/li><\/ol><\/p>\n<h1 id=\"toc-impressum\">Impressum<\/h1>\n<p>\nf\u00fcr die Website Internetsoziologie.de sowie weitere von mir verantwortete Seiten (bspw. LinkedIn, XING), sofern dort nicht anders aufgef\u00fchrt oder gesetzlich anders geregelt<\/p>\n<h1 id=\"toc-korrespondenzanschrift\">Korrespondenzanschrift<\/h1>\n<p>(bitte <strong>nichts ohne vorherige Zustimmung zusenden<\/strong>: Keine unaufgeforderte Werbung, Rezensionsexemplare, Hausarbeiten etc. Bitte ohnehin keine ausgedruckten Hausarbeiten mehr zusenden, das sollte inzwischen alles digital funktionieren)<\/p>\n<p>Prof. Dr. Stephan G. Humer<br \/>\nLietzenburger Stra\u00dfe 53\/255<br \/>\n10719 Berlin<\/p>\n<h1 id=\"toc-e-mail-adresse-fr-alle-anliegen-auer-presseanfragen\">E-Mail-Adresse f\u00fcr alle Anliegen &#8211; <strong>au\u00dfer Presseanfragen<\/strong> &#8211;<\/h1>\n<p>Wenn Sie sich nur eine Mailadresse merken\/speichern m\u00f6chten, dann sollte es &#8211; au\u00dfer f\u00fcr PressevertreterInnen &#8211; diese sein:<\/p>\n<p><em>stephan @ humer.de<\/em><\/p>\n<h1 id=\"toc-e-mail-adresse-fr-eilige-presseanfragen\">E-Mail-Adresse f\u00fcr eilige Presseanfragen<\/h1>\n<p>Presseanfragen nur an<\/p>\n<p><em>presse @ humer.de<\/em><\/p>\n<p>(sonst bleibt ihr ggf. eiliges Anliegen unter Umst\u00e4nden l\u00e4nger unbeachtet)<\/p>\n<h1 id=\"toc-telefon\">Telefon<\/h1>\n<p>Telefon: 0157 \/ 580 64 1 65<\/p>\n<h1 id=\"toc-weitere-hinweise\">Weitere Hinweise<\/h1>\n<p>Alle relevanten Kontaktinformationen finden Sie auch unter <a href=\"http:\/\/www.humer.tel\">www.humer.tel<\/a><\/p>\n<p><em>Zust\u00e4ndigkeit<\/em><\/p>\n<p>Zust\u00e4ndigkeit gem\u00e4\u00df \u00a75 DDG (Deutschland).<\/p>\n<p><em>Datenschutzhinweis<\/em><\/p>\n<p>Das Websiteteam respektiert Ihre Privatsph\u00e4re. Daher werden personenbezogene Daten grunds\u00e4tzlich nicht erfasst, es sei denn, Sie kommen kommunikativ auf uns zu, beispielsweise durch einen Anruf oder eine E-Mail. Verarbeitet und gespeichert werden diese Daten entsprechend den deutschen Datenschutzbestimmungen und nur insoweit, wie dies f\u00fcr die Bearbeitung einer Useranmeldung oder Kontaktaufnahme notwendig ist. Beim Besuch der Webseiten werden ausschliesslich zu statistischen Zwecken die angefallenen technischen Kommunikationsdaten wie Browsertyp und Adresse der besuchten Webseiten automatisiert ausgewertet. Diese Daten werden nicht an Dritte \u00fcbermittelt. Bitte sprechen Sie uns an, wenn Sie Fragen zur Datenverarbeitung haben. Wir stehen unter den o.a. Kontaktdaten gerne zu Ihrer Verf\u00fcgung.<\/p>\n<p><em>Disclaimer<\/em><\/p>\n<p>S\u00e4mtliche \u00c4u\u00dferungen auf dieser Website entsprechen &#8211; sofern nicht ausdr\u00fccklich anderweitig vermerkt &#8211; den Ansichten von Stephan G. Humer. Diese Seite ist keine offizielle Seite einer Universit\u00e4t\/Hochschule, Forschungs- oder sonstigen Einrichtung, ebenso geh\u00f6rt diese Seite (zu) keiner anderen juristischen oder nat\u00fcrlichen Person, trotzdem sei an dieser Stelle ausdr\u00fccklich auf Art. 5 Abs. 1 und 3 GG verwiesen. Wenden Sie sich bei entsprechenden Fragen bitte direkt an die jeweilige Person, der Ihr Interesse gilt.<\/p>\n<p>Internetsoziologie.de ist in keiner Weise \u00e4hnlichen Domains wie Soziologie.de zugeh\u00f6rig oder von diesen abh\u00e4ngig. Trotz sorgf\u00e4ltiger inhaltlicher Kontrolle \u00fcbernehmen wir keine Haftung f\u00fcr die Inhalte externer Links. F\u00fcr den Inhalt der verlinkten Seiten sind ausschliesslich deren Betreiber verantwortlich. Marken, Titel und andere gesch\u00fctzte Begriffe werden grunds\u00e4tzlich ohne explizite Nennung des Inhabers bzw. Verantwortlichen aufgef\u00fchrt. Durch den Verzicht auf die Nennung von Markenzugeh\u00f6rigkeiten und vergleichbarer Rechtsbeziehungen wird nicht die Freiheit des jeweiligen Begriffes ausgedr\u00fcckt. <\/p>\n<p><em>Sicherheitshinweis<\/em><\/p>\n<p>Sie nutzen dieses Internetangebot auf eigene Verantwortung. Bitte benutzen Sie stets aktuelle und gepr\u00fcfte Browser, nutzen Sie stets Sicherheitsupdates und verzichten Sie nicht auf angemessenen Viren- und Malwareschutz. Sorgen Sie in Ihrem eigenen Interesse f\u00fcr eine m\u00f6glichst aktuelle Ausstattung Ihres Computersystems. <\/p>\n<p><em>Fragen und Probleme<\/em><\/p>\n<p>Sollten Fragen oder Probleme aufkommen, bitten wir, die Personen, die diese Website vor allem technisch betreuen, um Kontaktaufnahme. Wir sind immer bem\u00fcht, dieses digitale Angebot entsprechend korrekt und zufriedenstellend zu pr\u00e4sentieren. Wir stehen Ihnen diesbez\u00fcglich gerne zur Verf\u00fcgung. Eine kurze Mail kann bereits viele Fragen kl\u00e4ren und Probleme l\u00f6sen. Aufgrund des hohen Mailaufkommens ist es uns aber nicht immer m\u00f6glich, umgehend zu reagieren, daher bitten wir um ein wenig Geduld. Sie k\u00f6nnen diesbez\u00fcglich Stephan Humer auch gern direkt kontaktieren.<\/p>\n<p><em>Vorbehaltserkl\u00e4rung<\/em><\/p>\n<p>Eine Verf\u00fcgbarkeit dieses Angebotes wird in keinerlei Hinsicht und zu keinem Zeitpunkt garantiert. Es besteht kein Rechtsanspruch auf eine entsprechende Verf\u00fcgbarkeit.<\/p>\n<p><em>Kostenfreiheit dieses Angebotes<\/em><\/p>\n<p>Dieses Webangebot darf grunds\u00e4tzlich nicht von Dritten kostenpflichtig angeboten werden. Nach Eingabe einer der Domains (bspw. humer.de, internetsoziologie.de) in einen handels\u00fcblichen Browser wie Firefox, Chrome oder Internet Explorer sollte sofort unser <a href=\"http:\/\/www.heise.de\/newsticker\/meldung\/Hotel-WLAN-manipuliert-alle-abgerufenen-Webseiten-1517525.html\">nicht manipuliertes<\/a> Webangebot erscheinen. Sollte Ihnen jemand f\u00fcr den Inhalt bzw. das Betrachten dieser Website Geld abnehmen (wollen), so lassen Sie uns dies bitte umgehend wissen. Unber\u00fchrt von dieser Ma\u00dfgabe sind alle regul\u00e4r kostenpflichtigen Angebote auf dieser Website sowie Verweise auf solche.<\/p>\n<p><em class=\"bbcode\">Fehlermeldungen<\/em><\/p>\n<p>Sollten Fehler auftauchen, so schicken Sie bitte einfach eine Mail an den Webmaster (webmaster @ humer.de).<\/p>\n<p><em>Professor Humer Consulting\u00ae<\/em><\/p>\n<p>ist eine eingetragene Marke von Stephan G. Humer<\/em><\/p>\n","protected":false},"excerpt":{"rendered":"<p>Humer.de ist eine Domain (1996) samt dazugeh\u00f6riger Website (1999) von Stephan G. Humer. Humer.de is a project initiated by Stephan G. Humer in 1996 (domain) \/ 1999 (website). ImpressumKorrespondenzanschriftE-Mail-Adresse f\u00fcr &hellip; <\/p>\n","protected":false},"author":1,"featured_media":0,"parent":0,"menu_order":999,"comment_status":"closed","ping_status":"closed","template":"","meta":{"footnotes":""},"class_list":["post-2","page","type-page","status-publish","hentry"],"_links":{"self":[{"href":"https:\/\/www.internetsoziologie.at\/de\/wp-json\/wp\/v2\/pages\/2","targetHints":{"allow":["GET"]}}],"collection":[{"href":"https:\/\/www.internetsoziologie.at\/de\/wp-json\/wp\/v2\/pages"}],"about":[{"href":"https:\/\/www.internetsoziologie.at\/de\/wp-json\/wp\/v2\/types\/page"}],"author":[{"embeddable":true,"href":"https:\/\/www.internetsoziologie.at\/de\/wp-json\/wp\/v2\/users\/1"}],"replies":[{"embeddable":true,"href":"https:\/\/www.internetsoziologie.at\/de\/wp-json\/wp\/v2\/comments?post=2"}],"version-history":[{"count":0,"href":"https:\/\/www.internetsoziologie.at\/de\/wp-json\/wp\/v2\/pages\/2\/revisions"}],"wp:attachment":[{"href":"https:\/\/www.internetsoziologie.at\/de\/wp-json\/wp\/v2\/media?parent=2"}],"curies":[{"name":"wp","href":"https:\/\/api.w.org\/{rel}","templated":true}]}}